{"id":75,"date":"2025-10-16T00:55:03","date_gmt":"2025-10-15T23:55:03","guid":{"rendered":"https:\/\/zidoprint.hr\/?page_id=75"},"modified":"2025-10-26T15:54:50","modified_gmt":"2025-10-26T14:54:50","slug":"usluge-obrta","status":"publish","type":"page","link":"https:\/\/zidoprint.hr\/index.php\/usluge-obrta\/","title":{"rendered":""},"content":{"rendered":"\n<h2 class=\"wp-block-heading\">Usluga obrta Zidoprint<\/h2>\n\n\n\n<ul class=\"wp-block-list\">\n<li><em>Ispis UV printerom na vertikalne povr\u0161ine<\/em><\/li>\n<\/ul>\n\n\n\n<h2 class=\"wp-block-heading\">Dodatne usluge obrta Zidoprint<\/h2>\n\n\n\n<ul class=\"wp-block-list\">\n<li><em>Jednostavni visinski radovi<\/em><\/li>\n\n\n\n<li><em>Profesionalne i rekreativne ronila\u010dke usluge (pregled i odr\u017eavanje podvodnih objekata)<\/em><\/li>\n\n\n\n<li><em>Tehni\u010dka i operativna podr\u0161ka u vodnom prijevozu (pranje plovila u vodi)<\/em><\/li>\n\n\n\n<li><em>Izrada oglasa i kampanja<\/em><\/li>\n\n\n\n<li><em>\u010ci\u0161\u0107enje prozora visokih objekata<\/em><\/li>\n\n\n\n<li><em>Odr\u017eavanje zelenih povr\u0161ina<\/em><\/li>\n<\/ul>\n\n\n\n<p><\/p>\n\n\n\n<p><\/p>\n\n\n\n<h3 class=\"wp-block-heading\">\ud83d\udccc Napomena o uslugama i cjeniku<\/h3>\n\n\n\n<blockquote class=\"wp-block-quote is-layout-flow wp-block-quote-is-layout-flow\">\n<p><strong>Ponuda usluga obrta Zidoprint nije u potpunosti izjedna\u010dena s prikazanim cjenikom.<\/strong> Cjenik prikazuje naj\u010de\u0161\u0107e kori\u0161tene i standardizirane usluge s okvirnim cijenama, dok obrt nudi i dodatne, specijalizirane ili projektne usluge koje se formiraju individualno prema zahtjevima klijenta. Usluge prikazane na web stranici slu\u017ee informativno i odra\u017eavaju najtra\u017eenije vrste poslova, dok se kona\u010dna ponuda i cijena definiraju prema konkretnom upitu i uvjetima rada. Time se osigurava transparentnost i fleksibilnost u poslovanju, uz po\u0161tivanje zakonskih propisa o isticanju cijena.<\/p>\n<\/blockquote>\n","protected":false},"excerpt":{"rendered":"<p>Usluga obrta Zidoprint Dodatne usluge obrta Zidoprint \ud83d\udccc Napomena o uslugama i cjeniku Ponuda usluga obrta Zidoprint nije u potpunosti izjedna\u010dena s prikazanim cjenikom. Cjenik prikazuje naj\u010de\u0161\u0107e kori\u0161tene i standardizirane usluge s okvirnim cijenama, dok obrt nudi i dodatne, specijalizirane ili projektne usluge koje se formiraju individualno prema zahtjevima klijenta. Usluge prikazane na web stranici [&hellip;]<\/p>\n","protected":false},"author":1,"featured_media":0,"parent":0,"menu_order":0,"comment_status":"closed","ping_status":"closed","template":"","meta":{"footnotes":""},"class_list":["post-75","page","type-page","status-publish","hentry"],"_links":{"self":[{"href":"https:\/\/zidoprint.hr\/index.php\/wp-json\/wp\/v2\/pages\/75","targetHints":{"allow":["GET"]}}],"collection":[{"href":"https:\/\/zidoprint.hr\/index.php\/wp-json\/wp\/v2\/pages"}],"about":[{"href":"https:\/\/zidoprint.hr\/index.php\/wp-json\/wp\/v2\/types\/page"}],"author":[{"embeddable":true,"href":"https:\/\/zidoprint.hr\/index.php\/wp-json\/wp\/v2\/users\/1"}],"replies":[{"embeddable":true,"href":"https:\/\/zidoprint.hr\/index.php\/wp-json\/wp\/v2\/comments?post=75"}],"version-history":[{"count":3,"href":"https:\/\/zidoprint.hr\/index.php\/wp-json\/wp\/v2\/pages\/75\/revisions"}],"predecessor-version":[{"id":99,"href":"https:\/\/zidoprint.hr\/index.php\/wp-json\/wp\/v2\/pages\/75\/revisions\/99"}],"wp:attachment":[{"href":"https:\/\/zidoprint.hr\/index.php\/wp-json\/wp\/v2\/media?parent=75"}],"curies":[{"name":"wp","href":"https:\/\/api.w.org\/{rel}","templated":true}]}}